{"id":3791,"date":"2022-07-29T18:13:52","date_gmt":"2022-07-29T21:13:52","guid":{"rendered":"https:\/\/rebasan.com.br\/st\/?post_type=product&#038;p=3791"},"modified":"2025-12-13T15:13:18","modified_gmt":"2025-12-13T18:13:18","slug":"conector-suporte-fixo-ou-deslizante-para-tubo-em-liga-de-aluminio","status":"publish","type":"product","link":"https:\/\/rebasan.com.br\/st\/produto\/conector-suporte-fixo-ou-deslizante-para-tubo-em-liga-de-aluminio\/","title":{"rendered":"SFD &#8211; CONECTOR SUPORTE FIXO OU DESLIZANTE PARA LIGA\u00c7\u00c3\u00c7\u00c3O DE TUBO DE ALUM\u00cdNIO"},"content":{"rendered":"","protected":false},"excerpt":{"rendered":"<p>Conector suporte fixo ou deslizante para liga\u00e7\u00e3o a tubo, com aplica\u00e7\u00e3o em redes de distribui\u00e7\u00e3o de energia com tens\u00e3o m\u00e1xima de 138Kv. Fabricado em liga de alum\u00ednio , com alta condutividade, resist\u00eancia mec\u00e2nica e corrosiva. Fornecido com parafusos porcas e arruelas para fixa\u00e7\u00e3o do condutor.<\/p>\n<p>&nbsp;<\/p>\n<div class=\"porto-links-block wpb_content_element \"><div class=\"links-title\">BAIXAR PDF<\/div><div class=\"links-content\"><ul> <li class=\"porto-links-item \"><a href=\"https:\/\/rebasan.com.br\/st\/wp-content\/uploads\/2022\/07\/TDC-EFTU-AL2307.pdf\"><i class=\"pdf\"><\/i>ATDC PDF<\/a><\/li><\/ul><\/div><\/div>\n","protected":false},"featured_media":3797,"comment_status":"open","ping_status":"closed","template":"","meta":[],"product_cat":[135,117,134],"product_tag":[],"class_list":["post-3791","product","type-product","status-publish","has-post-thumbnail","hentry","product_cat-138-tubo","product_cat-suporte","product_cat-tubo"],"_links":{"self":[{"href":"https:\/\/rebasan.com.br\/st\/wp-json\/wp\/v2\/product\/3791","targetHints":{"allow":["GET"]}}],"collection":[{"href":"https:\/\/rebasan.com.br\/st\/wp-json\/wp\/v2\/product"}],"about":[{"href":"https:\/\/rebasan.com.br\/st\/wp-json\/wp\/v2\/types\/product"}],"replies":[{"embeddable":true,"href":"https:\/\/rebasan.com.br\/st\/wp-json\/wp\/v2\/comments?post=3791"}],"wp:featuredmedia":[{"embeddable":true,"href":"https:\/\/rebasan.com.br\/st\/wp-json\/wp\/v2\/media\/3797"}],"wp:attachment":[{"href":"https:\/\/rebasan.com.br\/st\/wp-json\/wp\/v2\/media?parent=3791"}],"wp:term":[{"taxonomy":"product_cat","embeddable":true,"href":"https:\/\/rebasan.com.br\/st\/wp-json\/wp\/v2\/product_cat?post=3791"},{"taxonomy":"product_tag","embeddable":true,"href":"https:\/\/rebasan.com.br\/st\/wp-json\/wp\/v2\/product_tag?post=3791"}],"curies":[{"name":"wp","href":"https:\/\/api.w.org\/{rel}","templated":true}]}}