{"id":3789,"date":"2022-07-29T18:10:33","date_gmt":"2022-07-29T21:10:33","guid":{"rendered":"https:\/\/rebasan.com.br\/st\/?post_type=product&#038;p=3789"},"modified":"2025-12-13T15:47:46","modified_gmt":"2025-12-13T18:47:46","slug":"conector-suporte-fixo-para-cabo-em-liga-de-aluminio","status":"publish","type":"product","link":"https:\/\/rebasan.com.br\/st\/produto\/conector-suporte-fixo-para-cabo-em-liga-de-aluminio\/","title":{"rendered":"DCF &#8211; CONECTOR SUPORTE FIXO PARA CABO EM LIGA DE ALUM\u00cdNIO"},"content":{"rendered":"","protected":false},"excerpt":{"rendered":"<p>Conector suporte fixo para cabo, com aplica\u00e7\u00e3o em redes de distribui\u00e7\u00e3o de energia com tens\u00e3o m\u00e1xima de 138Kv. Fabricado em liga de alum\u00ednio , com alta condutividade, resist\u00eancia mec\u00e2nica e corrosiva. Fornecido com parafusos porcas e arruelas para fixa\u00e7\u00e3o do condutor.<\/p>\n<p>&nbsp;<\/p>\n<p>&nbsp;<\/p>\n<div class=\"porto-links-block wpb_content_element \"><div class=\"links-title\">BAIXAR PDF<\/div><div class=\"links-content\"><ul> <li class=\"porto-links-item \"><a href=\"https:\/\/rebasan.com.br\/st\/wp-content\/uploads\/2025\/12\/DCF-AL.pdf\"><i class=\"pdf\"><\/i>DCF<\/a><\/li> <\/ul><\/div><\/div>\n","protected":false},"featured_media":3812,"comment_status":"open","ping_status":"closed","template":"","meta":[],"product_cat":[131,130,117],"product_tag":[],"class_list":["post-3789","product","type-product","status-publish","has-post-thumbnail","hentry","product_cat-138-cabo","product_cat-cabo","product_cat-suporte"],"_links":{"self":[{"href":"https:\/\/rebasan.com.br\/st\/wp-json\/wp\/v2\/product\/3789","targetHints":{"allow":["GET"]}}],"collection":[{"href":"https:\/\/rebasan.com.br\/st\/wp-json\/wp\/v2\/product"}],"about":[{"href":"https:\/\/rebasan.com.br\/st\/wp-json\/wp\/v2\/types\/product"}],"replies":[{"embeddable":true,"href":"https:\/\/rebasan.com.br\/st\/wp-json\/wp\/v2\/comments?post=3789"}],"wp:featuredmedia":[{"embeddable":true,"href":"https:\/\/rebasan.com.br\/st\/wp-json\/wp\/v2\/media\/3812"}],"wp:attachment":[{"href":"https:\/\/rebasan.com.br\/st\/wp-json\/wp\/v2\/media?parent=3789"}],"wp:term":[{"taxonomy":"product_cat","embeddable":true,"href":"https:\/\/rebasan.com.br\/st\/wp-json\/wp\/v2\/product_cat?post=3789"},{"taxonomy":"product_tag","embeddable":true,"href":"https:\/\/rebasan.com.br\/st\/wp-json\/wp\/v2\/product_tag?post=3789"}],"curies":[{"name":"wp","href":"https:\/\/api.w.org\/{rel}","templated":true}]}}