{"id":3788,"date":"2022-07-29T18:08:52","date_gmt":"2022-07-29T21:08:52","guid":{"rendered":"https:\/\/rebasan.com.br\/st\/?post_type=product&#038;p=3788"},"modified":"2025-12-13T15:09:02","modified_gmt":"2025-12-13T18:09:02","slug":"conector-derivacao-paralela-para-ligacao-de-cabo-a-cabo-em-liga-de-aluminio","status":"publish","type":"product","link":"https:\/\/rebasan.com.br\/st\/produto\/conector-derivacao-paralela-para-ligacao-de-cabo-a-cabo-em-liga-de-aluminio\/","title":{"rendered":"CDP &#8211; CONECTOR DERIVA\u00c7\u00c3O PARALELA PARA LIGA\u00c7\u00c3O DE 02 CABOS EM LIGA DE ALUM\u00cdNIO"},"content":{"rendered":"","protected":false},"excerpt":{"rendered":"<p>Conector deriva\u00e7\u00e3o paralela para liga\u00e7\u00e3o de cabo a cabo, com aplica\u00e7\u00e3o em redes de distribui\u00e7\u00e3o de energia com tens\u00e3o m\u00e1xima de 138Kv. Fabricado em liga de alum\u00ednio , com alta condutividade, resist\u00eancia mec\u00e2nica e corrosiva. Fornecido com parafusos porcas e arruelas para fixa\u00e7\u00e3o do condutor.<\/p>\n","protected":false},"featured_media":3542,"comment_status":"open","ping_status":"closed","template":"","meta":[],"product_cat":[129,128,116],"product_tag":[],"class_list":["post-3788","product","type-product","status-publish","has-post-thumbnail","hentry","product_cat-138-cabo-cabo","product_cat-cabo-cabo","product_cat-derivacao"],"_links":{"self":[{"href":"https:\/\/rebasan.com.br\/st\/wp-json\/wp\/v2\/product\/3788","targetHints":{"allow":["GET"]}}],"collection":[{"href":"https:\/\/rebasan.com.br\/st\/wp-json\/wp\/v2\/product"}],"about":[{"href":"https:\/\/rebasan.com.br\/st\/wp-json\/wp\/v2\/types\/product"}],"replies":[{"embeddable":true,"href":"https:\/\/rebasan.com.br\/st\/wp-json\/wp\/v2\/comments?post=3788"}],"wp:featuredmedia":[{"embeddable":true,"href":"https:\/\/rebasan.com.br\/st\/wp-json\/wp\/v2\/media\/3542"}],"wp:attachment":[{"href":"https:\/\/rebasan.com.br\/st\/wp-json\/wp\/v2\/media?parent=3788"}],"wp:term":[{"taxonomy":"product_cat","embeddable":true,"href":"https:\/\/rebasan.com.br\/st\/wp-json\/wp\/v2\/product_cat?post=3788"},{"taxonomy":"product_tag","embeddable":true,"href":"https:\/\/rebasan.com.br\/st\/wp-json\/wp\/v2\/product_tag?post=3788"}],"curies":[{"name":"wp","href":"https:\/\/api.w.org\/{rel}","templated":true}]}}