{"id":3787,"date":"2022-07-29T18:07:20","date_gmt":"2022-07-29T21:07:20","guid":{"rendered":"https:\/\/rebasan.com.br\/st\/?post_type=product&#038;p=3787"},"modified":"2025-12-12T16:14:19","modified_gmt":"2025-12-12T19:14:19","slug":"conector-derivacao-em-t-para-ligacao-de-cabo-a-barra-em-liga-de-aluminio","status":"publish","type":"product","link":"https:\/\/rebasan.com.br\/st\/produto\/conector-derivacao-em-t-para-ligacao-de-cabo-a-barra-em-liga-de-aluminio\/","title":{"rendered":"CCT &#8211; CONECTOR DERIVA\u00c7\u00c3O EM &#8220;T&#8221; PARA LIGA\u00c7\u00c3O DE CABO A BARRA EM LIGA DE ALUM\u00cdNIO"},"content":{"rendered":"","protected":false},"excerpt":{"rendered":"<p>Conector deriva\u00e7\u00e3o em &#8220;T&#8221; para liga\u00e7\u00e3o de cabo a barra, com aplica\u00e7\u00e3o em redes de distribui\u00e7\u00e3o de energia com tens\u00e3o m\u00e1xima de 138Kv. Fabricado em liga de alum\u00ednio , com alta condutividade, resist\u00eancia mec\u00e2nica e corrosiva. Fornecido com parafusos porcas e arruelas para fixa\u00e7\u00e3o do condutor e padr\u00e3o de fura\u00e7\u00e3o NEMA.<\/p>\n<p>&nbsp;<\/p>\n<div class=\"porto-links-block wpb_content_element \"><div class=\"links-title\">BAIXAR PDF<\/div><div class=\"links-content\"><ul> <li class=\"porto-links-item \"><a href=\"https:\/\/rebasan.com.br\/st\/wp-content\/uploads\/2025\/12\/CCT-AL.pdf\"><i class=\"pdf\"><\/i>CCT<\/a><\/li><\/ul><\/div><\/div>\n","protected":false},"featured_media":3541,"comment_status":"open","ping_status":"closed","template":"","meta":[],"product_cat":[129,128,116],"product_tag":[],"class_list":["post-3787","product","type-product","status-publish","has-post-thumbnail","hentry","product_cat-138-cabo-cabo","product_cat-cabo-cabo","product_cat-derivacao"],"_links":{"self":[{"href":"https:\/\/rebasan.com.br\/st\/wp-json\/wp\/v2\/product\/3787","targetHints":{"allow":["GET"]}}],"collection":[{"href":"https:\/\/rebasan.com.br\/st\/wp-json\/wp\/v2\/product"}],"about":[{"href":"https:\/\/rebasan.com.br\/st\/wp-json\/wp\/v2\/types\/product"}],"replies":[{"embeddable":true,"href":"https:\/\/rebasan.com.br\/st\/wp-json\/wp\/v2\/comments?post=3787"}],"wp:featuredmedia":[{"embeddable":true,"href":"https:\/\/rebasan.com.br\/st\/wp-json\/wp\/v2\/media\/3541"}],"wp:attachment":[{"href":"https:\/\/rebasan.com.br\/st\/wp-json\/wp\/v2\/media?parent=3787"}],"wp:term":[{"taxonomy":"product_cat","embeddable":true,"href":"https:\/\/rebasan.com.br\/st\/wp-json\/wp\/v2\/product_cat?post=3787"},{"taxonomy":"product_tag","embeddable":true,"href":"https:\/\/rebasan.com.br\/st\/wp-json\/wp\/v2\/product_tag?post=3787"}],"curies":[{"name":"wp","href":"https:\/\/api.w.org\/{rel}","templated":true}]}}